{"id":220,"date":"2024-05-20T07:54:50","date_gmt":"2024-05-20T07:54:50","guid":{"rendered":"https:\/\/demosites.royal-elementor-addons.com\/graphic-nature-v1\/?page_id=9"},"modified":"2025-02-10T13:03:13","modified_gmt":"2025-02-10T13:03:13","slug":"services","status":"publish","type":"page","link":"https:\/\/inkarybarova.cz\/?page_id=220","title":{"rendered":"Slu\u017eby"},"content":{"rendered":"\t\t<div data-elementor-type=\"wp-page\" data-elementor-id=\"220\" class=\"elementor elementor-220\" data-elementor-post-type=\"page\">\n\t\t\t\t<div class=\"elementor-element elementor-element-b993103 e-flex e-con-boxed wpr-particle-no wpr-jarallax-no wpr-parallax-no wpr-sticky-section-no e-con e-parent\" data-id=\"b993103\" data-element_type=\"container\">\n\t\t\t\t\t<div class=\"e-con-inner\">\n\t\t<div class=\"elementor-element elementor-element-459d546 e-flex e-con-boxed wpr-particle-no wpr-jarallax-no wpr-parallax-no wpr-sticky-section-no elementor-invisible e-con e-child\" data-id=\"459d546\" data-element_type=\"container\" data-settings=\"{&quot;animation&quot;:&quot;slideInLeft&quot;,&quot;animation_delay&quot;:200}\">\n\t\t\t\t\t<div class=\"e-con-inner\">\n\t\t\t\t<div class=\"elementor-element elementor-element-0a9ed0d elementor-widget elementor-widget-heading\" data-id=\"0a9ed0d\" data-element_type=\"widget\" data-widget_type=\"heading.default\">\n\t\t\t\t<div class=\"elementor-widget-container\">\n\t\t\t\t\t<h2 class=\"elementor-heading-title elementor-size-default\">D\u011btsk\u00e9 koncerty<\/h2>\t\t\t\t<\/div>\n\t\t\t\t<\/div>\n\t\t\t\t<div class=\"elementor-element elementor-element-6eb4c77 elementor-widget elementor-widget-text-editor\" data-id=\"6eb4c77\" data-element_type=\"widget\" data-widget_type=\"text-editor.default\">\n\t\t\t\t<div class=\"elementor-widget-container\">\n\t\t\t\t\t\t\t\t\t<p>P\u0159ipravujeme koncerty i pro ty nejmen\u0161\u00ed. Ka\u017ed\u00fd se u n\u00e1s zabav\u00ed, z\u00e1rove\u0148 u\u010d\u00edme d\u011bti zdrav\u00e9mu pohybu v podob\u011b tance.\u00a0<\/p>\t\t\t\t\t\t\t\t<\/div>\n\t\t\t\t<\/div>\n\t\t\t\t\t<\/div>\n\t\t\t\t<\/div>\n\t\t<div class=\"elementor-element elementor-element-50f7db4 e-flex e-con-boxed wpr-particle-no wpr-jarallax-no wpr-parallax-no wpr-sticky-section-no elementor-invisible e-con e-child\" data-id=\"50f7db4\" data-element_type=\"container\" data-settings=\"{&quot;animation&quot;:&quot;slideInRight&quot;,&quot;animation_delay&quot;:300}\">\n\t\t\t\t\t<div class=\"e-con-inner\">\n\t\t\t\t<div class=\"elementor-element elementor-element-26301b9 elementor-widget elementor-widget-image\" data-id=\"26301b9\" data-element_type=\"widget\" data-widget_type=\"image.default\">\n\t\t\t\t<div class=\"elementor-widget-container\">\n\t\t\t\t\t\t\t\t\t\t\t\t\t\t\t<img fetchpriority=\"high\" decoding=\"async\" width=\"960\" height=\"510\" src=\"https:\/\/inkarybarova.cz\/wp-content\/uploads\/2025\/01\/zahradni-party-2-1024x544.jpg\" class=\"attachment-large size-large wp-image-346\" alt=\"\" srcset=\"https:\/\/inkarybarova.cz\/wp-content\/uploads\/2025\/01\/zahradni-party-2-1024x544.jpg 1024w, https:\/\/inkarybarova.cz\/wp-content\/uploads\/2025\/01\/zahradni-party-2-300x160.jpg 300w, https:\/\/inkarybarova.cz\/wp-content\/uploads\/2025\/01\/zahradni-party-2-768x408.jpg 768w, https:\/\/inkarybarova.cz\/wp-content\/uploads\/2025\/01\/zahradni-party-2-1536x817.jpg 1536w, https:\/\/inkarybarova.cz\/wp-content\/uploads\/2025\/01\/zahradni-party-2.jpg 1578w\" sizes=\"(max-width: 960px) 100vw, 960px\" \/>\t\t\t\t\t\t\t\t\t\t\t\t\t\t\t<\/div>\n\t\t\t\t<\/div>\n\t\t\t\t\t<\/div>\n\t\t\t\t<\/div>\n\t\t\t\t\t<\/div>\n\t\t\t\t<\/div>\n\t\t<div class=\"elementor-element elementor-element-8b6e0a5 e-flex e-con-boxed wpr-particle-no wpr-jarallax-no wpr-parallax-no wpr-sticky-section-no e-con e-parent\" data-id=\"8b6e0a5\" data-element_type=\"container\">\n\t\t\t\t\t<div class=\"e-con-inner\">\n\t\t<div class=\"elementor-element elementor-element-f75da20 e-flex e-con-boxed wpr-particle-no wpr-jarallax-no wpr-parallax-no wpr-sticky-section-no elementor-invisible e-con e-child\" data-id=\"f75da20\" data-element_type=\"container\" data-settings=\"{&quot;animation&quot;:&quot;slideInLeft&quot;}\">\n\t\t\t\t\t<div class=\"e-con-inner\">\n\t\t\t\t<div class=\"elementor-element elementor-element-22e80eb elementor-widget elementor-widget-image\" data-id=\"22e80eb\" data-element_type=\"widget\" data-widget_type=\"image.default\">\n\t\t\t\t<div class=\"elementor-widget-container\">\n\t\t\t\t\t\t\t\t\t\t\t\t\t\t\t<img decoding=\"async\" width=\"766\" height=\"1024\" src=\"https:\/\/inkarybarova.cz\/wp-content\/uploads\/2025\/01\/mikulas-2-766x1024.jpg\" class=\"attachment-large size-large wp-image-343\" alt=\"\" srcset=\"https:\/\/inkarybarova.cz\/wp-content\/uploads\/2025\/01\/mikulas-2-766x1024.jpg 766w, https:\/\/inkarybarova.cz\/wp-content\/uploads\/2025\/01\/mikulas-2-224x300.jpg 224w, https:\/\/inkarybarova.cz\/wp-content\/uploads\/2025\/01\/mikulas-2-768x1027.jpg 768w, https:\/\/inkarybarova.cz\/wp-content\/uploads\/2025\/01\/mikulas-2-1149x1536.jpg 1149w, https:\/\/inkarybarova.cz\/wp-content\/uploads\/2025\/01\/mikulas-2-1532x2048.jpg 1532w, https:\/\/inkarybarova.cz\/wp-content\/uploads\/2025\/01\/mikulas-2.jpg 1739w\" sizes=\"(max-width: 766px) 100vw, 766px\" \/>\t\t\t\t\t\t\t\t\t\t\t\t\t\t\t<\/div>\n\t\t\t\t<\/div>\n\t\t\t\t\t<\/div>\n\t\t\t\t<\/div>\n\t\t<div class=\"elementor-element elementor-element-309019c e-flex e-con-boxed wpr-particle-no wpr-jarallax-no wpr-parallax-no wpr-sticky-section-no elementor-invisible e-con e-child\" data-id=\"309019c\" data-element_type=\"container\" data-settings=\"{&quot;animation&quot;:&quot;slideInRight&quot;,&quot;animation_delay&quot;:100}\">\n\t\t\t\t\t<div class=\"e-con-inner\">\n\t\t\t\t<div class=\"elementor-element elementor-element-e6c98be elementor-widget elementor-widget-heading\" data-id=\"e6c98be\" data-element_type=\"widget\" data-widget_type=\"heading.default\">\n\t\t\t\t<div class=\"elementor-widget-container\">\n\t\t\t\t\t<h2 class=\"elementor-heading-title elementor-size-default\">Mikul\u00e1\u0161sk\u00e1 nad\u00edlka<\/h2>\t\t\t\t<\/div>\n\t\t\t\t<\/div>\n\t\t\t\t<div class=\"elementor-element elementor-element-3c8a8fd elementor-widget elementor-widget-text-editor\" data-id=\"3c8a8fd\" data-element_type=\"widget\" data-widget_type=\"text-editor.default\">\n\t\t\t\t<div class=\"elementor-widget-container\">\n\t\t\t\t\t\t\t\t\t<p>Jezd\u00edme do \u0161kol d\u011btem d\u011blat radost s Mikul\u00e1\u0161skou nad\u00edlkou.<\/p>\t\t\t\t\t\t\t\t<\/div>\n\t\t\t\t<\/div>\n\t\t\t\t\t<\/div>\n\t\t\t\t<\/div>\n\t\t\t\t\t<\/div>\n\t\t\t\t<\/div>\n\t\t<div class=\"elementor-element elementor-element-aff616a e-flex e-con-boxed wpr-particle-no wpr-jarallax-no wpr-parallax-no wpr-sticky-section-no e-con e-parent\" data-id=\"aff616a\" data-element_type=\"container\">\n\t\t\t\t\t<div class=\"e-con-inner\">\n\t\t<div class=\"elementor-element elementor-element-a744117 e-flex e-con-boxed wpr-particle-no wpr-jarallax-no wpr-parallax-no wpr-sticky-section-no elementor-invisible e-con e-child\" data-id=\"a744117\" data-element_type=\"container\" data-settings=\"{&quot;animation&quot;:&quot;slideInLeft&quot;,&quot;animation_delay&quot;:400}\">\n\t\t\t\t\t<div class=\"e-con-inner\">\n\t\t<div class=\"elementor-element elementor-element-f70a0b3 e-con-full e-flex wpr-particle-no wpr-jarallax-no wpr-parallax-no wpr-sticky-section-no elementor-invisible e-con e-child\" data-id=\"f70a0b3\" data-element_type=\"container\" data-settings=\"{&quot;animation&quot;:&quot;slideInRight&quot;,&quot;animation_delay&quot;:500}\">\n\t\t\t\t<div class=\"elementor-element elementor-element-763dd09 elementor-widget elementor-widget-heading\" data-id=\"763dd09\" data-element_type=\"widget\" data-widget_type=\"heading.default\">\n\t\t\t\t<div class=\"elementor-widget-container\">\n\t\t\t\t\t<h2 class=\"elementor-heading-title elementor-size-default\">Mnohem v\u00edce<\/h2>\t\t\t\t<\/div>\n\t\t\t\t<\/div>\n\t\t\t\t<div class=\"elementor-element elementor-element-d80d228 elementor-widget elementor-widget-text-editor\" data-id=\"d80d228\" data-element_type=\"widget\" data-widget_type=\"text-editor.default\">\n\t\t\t\t<div class=\"elementor-widget-container\">\n\t\t\t\t\t\t\t\t\t<p>Od Mikul\u00e1\u0161sk\u00fdch nad\u00edlek a\u017e po koncerty. R\u00e1di tvo\u0159\u00edme i nov\u00e9 v\u011bci dle p\u0159\u00e1n\u00ed na\u0161\u00edch poslucha\u010d\u016f. M\u00e1me v oblib\u011b tak\u00e9 stra\u0161en\u00ed na \u010carod\u011bjnice, karnevaly, pout\u011b, velikonoce, d\u011btsk\u00e9 dny a dal\u0161\u00ed jin\u00e9 slavnosti.<\/p>\t\t\t\t\t\t\t\t<\/div>\n\t\t\t\t<\/div>\n\t\t\t\t<\/div>\n\t\t\t\t<div class=\"elementor-element elementor-element-cd56438 elementor-widget elementor-widget-image\" data-id=\"cd56438\" data-element_type=\"widget\" data-widget_type=\"image.default\">\n\t\t\t\t<div class=\"elementor-widget-container\">\n\t\t\t\t\t\t\t\t\t\t\t\t\t\t\t<img decoding=\"async\" width=\"768\" height=\"762\" src=\"https:\/\/inkarybarova.cz\/wp-content\/uploads\/2025\/01\/indiani-1-768x762.jpg\" class=\"attachment-medium_large size-medium_large wp-image-358\" alt=\"\" srcset=\"https:\/\/inkarybarova.cz\/wp-content\/uploads\/2025\/01\/indiani-1-768x762.jpg 768w, https:\/\/inkarybarova.cz\/wp-content\/uploads\/2025\/01\/indiani-1-300x298.jpg 300w, https:\/\/inkarybarova.cz\/wp-content\/uploads\/2025\/01\/indiani-1-1024x1016.jpg 1024w, https:\/\/inkarybarova.cz\/wp-content\/uploads\/2025\/01\/indiani-1-150x150.jpg 150w, https:\/\/inkarybarova.cz\/wp-content\/uploads\/2025\/01\/indiani-1-1536x1525.jpg 1536w, https:\/\/inkarybarova.cz\/wp-content\/uploads\/2025\/01\/indiani-1.jpg 2028w\" sizes=\"(max-width: 768px) 100vw, 768px\" \/>\t\t\t\t\t\t\t\t\t\t\t\t\t\t\t<\/div>\n\t\t\t\t<\/div>\n\t\t\t\t\t<\/div>\n\t\t\t\t<\/div>\n\t\t\t\t\t<\/div>\n\t\t\t\t<\/div>\n\t\t<div class=\"elementor-element elementor-element-b87212d e-flex e-con-boxed wpr-particle-no wpr-jarallax-no wpr-parallax-no wpr-sticky-section-no e-con e-parent\" data-id=\"b87212d\" data-element_type=\"container\">\n\t\t\t\t\t<div class=\"e-con-inner\">\n\t\t\t\t<div class=\"elementor-element elementor-element-c0f18a5 elementor-widget elementor-widget-heading\" data-id=\"c0f18a5\" data-element_type=\"widget\" data-widget_type=\"heading.default\">\n\t\t\t\t<div class=\"elementor-widget-container\">\n\t\t\t\t\t<h2 class=\"elementor-heading-title elementor-size-default\">Prohl\u00e9dn\u011bte si na\u0161\u00ed rozs\u00e1hlou nab\u00eddku slu\u017eeb.\u00a0<\/h2>\t\t\t\t<\/div>\n\t\t\t\t<\/div>\n\t\t\t\t\t<\/div>\n\t\t\t\t<\/div>\n\t\t<div class=\"elementor-element elementor-element-08e151f e-flex e-con-boxed wpr-particle-no wpr-jarallax-no wpr-parallax-no wpr-sticky-section-no e-con e-parent\" data-id=\"08e151f\" data-element_type=\"container\">\n\t\t\t\t\t<div class=\"e-con-inner\">\n\t\t\t\t<div class=\"elementor-element elementor-element-c3ae8e5 elementor-widget elementor-widget-text-editor\" data-id=\"c3ae8e5\" data-element_type=\"widget\" data-widget_type=\"text-editor.default\">\n\t\t\t\t<div class=\"elementor-widget-container\">\n\t\t\t\t\t\t\t\t\t<div>Karnevaly z\u00e1kladn\u00ed i t\u00e9matick\u00e9 nap\u0159 N\u00e1mo\u0159nick\u00fd b\u00e1l, Halloween,<\/div><div>Zahradn\u00ed p\u00e1rty u p\u0159\u00edle\u017eitosti dne d\u011bt\u00ed a pasov\u00e1n\u00ed p\u0159ed\u0161kol\u00e1k\u016f na \u0161kol\u00e1ky,\u00a0<\/div><div>Probouzen\u00ed nebo uspavani brou\u010dk\u016f,<\/div><div>Velikono\u010dn\u00ed poml\u00e1zkov\u00e1n\u00ed,\u00a0<\/div><div>Draki\u00e1dy,<\/div><div>Mikul\u00e1\u0161sk\u00e1 nad\u00edlka a Hur\u00e1 v\u00e1noce,<\/div><div>M\u011bstsk\u00e9 slavnosti,<\/div><div>A mnoh\u00e9 dal\u0161\u00ed po\u0159ady pro d\u011bti a rodiny s d\u011btmi dle p\u0159\u00e1n\u00ed po\u0159adatele.\u00a0<\/div>\t\t\t\t\t\t\t\t<\/div>\n\t\t\t\t<\/div>\n\t\t\t\t\t<\/div>\n\t\t\t\t<\/div>\n\t\t<div class=\"elementor-element elementor-element-0a9d5e0 e-flex e-con-boxed wpr-particle-no wpr-jarallax-no wpr-parallax-no wpr-sticky-section-no e-con e-parent\" data-id=\"0a9d5e0\" data-element_type=\"container\">\n\t\t\t\t\t<div class=\"e-con-inner\">\n\t\t\t\t<div class=\"elementor-element elementor-element-89022dd elementor-widget-divider--view-line elementor-widget elementor-widget-divider\" data-id=\"89022dd\" data-element_type=\"widget\" data-widget_type=\"divider.default\">\n\t\t\t\t<div class=\"elementor-widget-container\">\n\t\t\t\t\t\t\t<div class=\"elementor-divider\">\n\t\t\t<span class=\"elementor-divider-separator\">\n\t\t\t\t\t\t<\/span>\n\t\t<\/div>\n\t\t\t\t\t\t<\/div>\n\t\t\t\t<\/div>\n\t\t\t\t\t<\/div>\n\t\t\t\t<\/div>\n\t\t<div class=\"elementor-element elementor-element-6823680 e-flex e-con-boxed wpr-particle-no wpr-jarallax-no wpr-parallax-no wpr-sticky-section-no e-con e-parent\" data-id=\"6823680\" data-element_type=\"container\">\n\t\t\t\t\t<div class=\"e-con-inner\">\n\t\t<div class=\"elementor-element elementor-element-51417b8 e-con-full e-flex wpr-particle-no wpr-jarallax-no wpr-parallax-no wpr-sticky-section-no e-con e-child\" data-id=\"51417b8\" data-element_type=\"container\">\n\t\t\t\t<div class=\"elementor-element elementor-element-d007a7b elementor-skin-carousel elementor-arrows-yes elementor-pagination-type-bullets elementor-pagination-position-outside elementor-widget elementor-widget-media-carousel\" data-id=\"d007a7b\" data-element_type=\"widget\" data-settings=\"{&quot;space_between&quot;:{&quot;unit&quot;:&quot;px&quot;,&quot;size&quot;:15,&quot;sizes&quot;:[]},&quot;skin&quot;:&quot;carousel&quot;,&quot;effect&quot;:&quot;slide&quot;,&quot;show_arrows&quot;:&quot;yes&quot;,&quot;pagination&quot;:&quot;bullets&quot;,&quot;speed&quot;:500,&quot;autoplay&quot;:&quot;yes&quot;,&quot;autoplay_speed&quot;:5000,&quot;loop&quot;:&quot;yes&quot;,&quot;pause_on_hover&quot;:&quot;yes&quot;,&quot;pause_on_interaction&quot;:&quot;yes&quot;,&quot;space_between_laptop&quot;:{&quot;unit&quot;:&quot;px&quot;,&quot;size&quot;:10,&quot;sizes&quot;:[]},&quot;space_between_tablet&quot;:{&quot;unit&quot;:&quot;px&quot;,&quot;size&quot;:10,&quot;sizes&quot;:[]},&quot;space_between_mobile&quot;:{&quot;unit&quot;:&quot;px&quot;,&quot;size&quot;:10,&quot;sizes&quot;:[]}}\" data-widget_type=\"media-carousel.default\">\n\t\t\t\t<div class=\"elementor-widget-container\">\n\t\t\t\t\t\t\t<div class=\"elementor-swiper\">\n\t\t\t<div class=\"elementor-main-swiper swiper\">\n\t\t\t\t<div class=\"swiper-wrapper\">\n\t\t\t\t\t\t\t\t\t\t\t<div class=\"swiper-slide\">\n\t\t\t\t\t\t\t\t\t<div class=\"elementor-carousel-image\" role=\"img\" aria-label=\"zahradn\u00ed p\u00e1rty 2\" style=\"background-image: url(&#039;https:\/\/inkarybarova.cz\/wp-content\/uploads\/2025\/01\/zahradni-party-2.jpg&#039;)\">\n\n\t\t\t\n\t\t\t\t\t<\/div>\n\t\t\t\t\t\t\t\t<\/div>\n\t\t\t\t\t\t\t\t\t\t\t<div class=\"swiper-slide\">\n\t\t\t\t\t\t\t\t\t<div class=\"elementor-carousel-image\" role=\"img\" aria-label=\"pasov\u00e1n\u00ed p\u0159ed\u0161kol\u00e1k\u016f 1\" style=\"background-image: url(&#039;https:\/\/inkarybarova.cz\/wp-content\/uploads\/2025\/01\/pasovani-predskolaku-1.jpg&#039;)\">\n\n\t\t\t\n\t\t\t\t\t<\/div>\n\t\t\t\t\t\t\t\t<\/div>\n\t\t\t\t\t\t\t\t\t\t\t<div class=\"swiper-slide\">\n\t\t\t\t\t\t\t\t\t<div class=\"elementor-carousel-image\" role=\"img\" aria-label=\"karneval 1\" style=\"background-image: url(&#039;https:\/\/inkarybarova.cz\/wp-content\/uploads\/2025\/01\/karneval-1.jpg&#039;)\">\n\n\t\t\t\n\t\t\t\t\t<\/div>\n\t\t\t\t\t\t\t\t<\/div>\n\t\t\t\t\t\t\t\t\t\t\t<div class=\"swiper-slide\">\n\t\t\t\t\t\t\t\t\t<div class=\"elementor-carousel-image\" role=\"img\" aria-label=\"zahradn\u00ed p\u00e1rty 3\" style=\"background-image: url(&#039;https:\/\/inkarybarova.cz\/wp-content\/uploads\/2025\/01\/zahradni-party-3-scaled.jpg&#039;)\">\n\n\t\t\t\n\t\t\t\t\t<\/div>\n\t\t\t\t\t\t\t\t<\/div>\n\t\t\t\t\t\t\t\t\t\t\t<div class=\"swiper-slide\">\n\t\t\t\t\t\t\t\t\t<div class=\"elementor-carousel-image\" role=\"img\" aria-label=\"mikul\u00e1\u0161 1\" style=\"background-image: url(&#039;https:\/\/inkarybarova.cz\/wp-content\/uploads\/2025\/01\/mikulas-1-scaled.jpg&#039;)\">\n\n\t\t\t\n\t\t\t\t\t<\/div>\n\t\t\t\t\t\t\t\t<\/div>\n\t\t\t\t\t\t\t\t\t<\/div>\n\t\t\t\t\t\t\t\t\t\t\t\t\t\t\t<div class=\"swiper-pagination\"><\/div>\n\t\t\t\t\t\t\t\t\t\t\t\t\t\t\t\t<div class=\"elementor-swiper-button elementor-swiper-button-prev\" role=\"button\" tabindex=\"0\">\n\t\t\t\t\t\t\t<svg aria-hidden=\"true\" class=\"e-font-icon-svg e-eicon-chevron-left\" viewBox=\"0 0 1000 1000\" xmlns=\"http:\/\/www.w3.org\/2000\/svg\"><path d=\"M646 125C629 125 613 133 604 142L308 442C296 454 292 471 292 487 292 504 296 521 308 533L604 854C617 867 629 875 646 875 663 875 679 871 692 858 704 846 713 829 713 812 713 796 708 779 692 767L438 487 692 225C700 217 708 204 708 187 708 171 704 154 692 142 675 129 663 125 646 125Z\"><\/path><\/svg>\t\t\t\t\t\t\t<span class=\"elementor-screen-only\">Previous<\/span>\n\t\t\t\t\t\t<\/div>\n\t\t\t\t\t\t<div class=\"elementor-swiper-button elementor-swiper-button-next\" role=\"button\" tabindex=\"0\">\n\t\t\t\t\t\t\t<svg aria-hidden=\"true\" class=\"e-font-icon-svg e-eicon-chevron-right\" viewBox=\"0 0 1000 1000\" xmlns=\"http:\/\/www.w3.org\/2000\/svg\"><path d=\"M696 533C708 521 713 504 713 487 713 471 708 454 696 446L400 146C388 133 375 125 354 125 338 125 325 129 313 142 300 154 292 171 292 187 292 204 296 221 308 233L563 492 304 771C292 783 288 800 288 817 288 833 296 850 308 863 321 871 338 875 354 875 371 875 388 867 400 854L696 533Z\"><\/path><\/svg>\t\t\t\t\t\t\t<span class=\"elementor-screen-only\">Next<\/span>\n\t\t\t\t\t\t<\/div>\n\t\t\t\t\t\t\t\t\t\t\t\t<\/div>\n\t\t<\/div>\n\t\t\t\t\t\t<\/div>\n\t\t\t\t<\/div>\n\t\t\t\t<\/div>\n\t\t\t\t\t<\/div>\n\t\t\t\t<\/div>\n\t\t\t\t<\/div>\n\t\t","protected":false},"excerpt":{"rendered":"<p>D\u011btsk\u00e9 koncerty P\u0159ipravujeme koncerty i pro ty nejmen\u0161\u00ed. Ka\u017ed\u00fd se u n\u00e1s zabav\u00ed, z\u00e1rove\u0148 u\u010d\u00edme d\u011bti zdrav\u00e9mu pohybu v podob\u011b tance.\u00a0 Mikul\u00e1\u0161sk\u00e1 nad\u00edlka Jezd\u00edme do \u0161kol d\u011btem d\u011blat radost s Mikul\u00e1\u0161skou nad\u00edlkou. Mnohem v\u00edce Od Mikul\u00e1\u0161sk\u00fdch nad\u00edlek a\u017e po koncerty. R\u00e1di tvo\u0159\u00edme i nov\u00e9 v\u011bci dle p\u0159\u00e1n\u00ed na\u0161\u00edch poslucha\u010d\u016f. M\u00e1me v oblib\u011b tak\u00e9 stra\u0161en\u00ed na \u010carod\u011bjnice, karnevaly, pout\u011b, velikonoce, d\u011btsk\u00e9 dny a dal\u0161\u00ed jin\u00e9 slavnosti. Prohl\u00e9dn\u011bte si na\u0161\u00ed rozs\u00e1hlou nab\u00eddku slu\u017eeb.\u00a0 Karnevaly z\u00e1kladn\u00ed i t\u00e9matick\u00e9 nap\u0159 N\u00e1mo\u0159nick\u00fd b\u00e1l, Halloween,Zahradn\u00ed p\u00e1rty u p\u0159\u00edle\u017eitosti dne d\u011bt\u00ed a pasov\u00e1n\u00ed p\u0159ed\u0161kol\u00e1k\u016f na \u0161kol\u00e1ky,\u00a0Probouzen\u00ed nebo uspavani brou\u010dk\u016f,Velikono\u010dn\u00ed poml\u00e1zkov\u00e1n\u00ed,\u00a0Draki\u00e1dy,Mikul\u00e1\u0161sk\u00e1 nad\u00edlka a Hur\u00e1 v\u00e1noce,M\u011bstsk\u00e9 slavnosti,A mnoh\u00e9 dal\u0161\u00ed po\u0159ady pro d\u011bti a rodiny s d\u011btmi dle p\u0159\u00e1n\u00ed po\u0159adatele.\u00a0 Previous Next<\/p>\n","protected":false},"author":1,"featured_media":0,"parent":0,"menu_order":0,"comment_status":"closed","ping_status":"closed","template":"elementor_canvas","meta":{"footnotes":""},"class_list":["post-220","page","type-page","status-publish","hentry"],"_links":{"self":[{"href":"https:\/\/inkarybarova.cz\/index.php?rest_route=\/wp\/v2\/pages\/220","targetHints":{"allow":["GET"]}}],"collection":[{"href":"https:\/\/inkarybarova.cz\/index.php?rest_route=\/wp\/v2\/pages"}],"about":[{"href":"https:\/\/inkarybarova.cz\/index.php?rest_route=\/wp\/v2\/types\/page"}],"author":[{"embeddable":true,"href":"https:\/\/inkarybarova.cz\/index.php?rest_route=\/wp\/v2\/users\/1"}],"replies":[{"embeddable":true,"href":"https:\/\/inkarybarova.cz\/index.php?rest_route=%2Fwp%2Fv2%2Fcomments&post=220"}],"version-history":[{"count":49,"href":"https:\/\/inkarybarova.cz\/index.php?rest_route=\/wp\/v2\/pages\/220\/revisions"}],"predecessor-version":[{"id":809,"href":"https:\/\/inkarybarova.cz\/index.php?rest_route=\/wp\/v2\/pages\/220\/revisions\/809"}],"wp:attachment":[{"href":"https:\/\/inkarybarova.cz\/index.php?rest_route=%2Fwp%2Fv2%2Fmedia&parent=220"}],"curies":[{"name":"wp","href":"https:\/\/api.w.org\/{rel}","templated":true}]}}